{"id":16,"date":"2022-09-12T13:13:53","date_gmt":"2022-09-12T11:13:53","guid":{"rendered":"http:\/\/yogasophie.fr\/?page_id=16"},"modified":"2025-09-09T09:23:54","modified_gmt":"2025-09-09T07:23:54","slug":"cours-particuliers","status":"publish","type":"page","link":"https:\/\/yogasophie.fr\/index.php\/cours-particuliers\/","title":{"rendered":"S\u00e9ance de Yoga en cours particuliers \u00e0 L&rsquo;Ile Maurice"},"content":{"rendered":"\n<p>Je me d\u00e9place \u00e0 l&rsquo;Ile Maurice dans la r\u00e9gion de Tamarin\/Rivi\u00e8re Noire \u00e0 votre domicile, le matin en semaine.<\/p>\n\n\n\n<figure class=\"wp-block-gallery has-nested-images columns-default is-cropped wp-block-gallery-1 is-layout-flex wp-block-gallery-is-layout-flex\">\n<figure class=\"wp-block-image size-large\"><img loading=\"lazy\" decoding=\"async\" width=\"277\" height=\"182\" data-id=\"279\" src=\"https:\/\/yogasophie.fr\/wp-content\/uploads\/2022\/11\/imag.jpg\" alt=\"\" class=\"wp-image-279\"\/><\/figure>\n\n\n\n<figure class=\"wp-block-image size-large\"><img loading=\"lazy\" decoding=\"async\" width=\"1024\" height=\"638\" data-id=\"127\" src=\"https:\/\/yogasophie.fr\/wp-content\/uploads\/2022\/09\/High-Resolution-Logo-Transparent-Background-1024x638.png\" alt=\"\" class=\"wp-image-127\" srcset=\"https:\/\/yogasophie.fr\/wp-content\/uploads\/2022\/09\/High-Resolution-Logo-Transparent-Background-1024x638.png 1024w, https:\/\/yogasophie.fr\/wp-content\/uploads\/2022\/09\/High-Resolution-Logo-Transparent-Background-300x187.png 300w, https:\/\/yogasophie.fr\/wp-content\/uploads\/2022\/09\/High-Resolution-Logo-Transparent-Background-768x479.png 768w, https:\/\/yogasophie.fr\/wp-content\/uploads\/2022\/09\/High-Resolution-Logo-Transparent-Background-1536x958.png 1536w, https:\/\/yogasophie.fr\/wp-content\/uploads\/2022\/09\/High-Resolution-Logo-Transparent-Background.png 2000w\" sizes=\"auto, (max-width: 1024px) 100vw, 1024px\" \/><\/figure>\n\n\n\n<figure class=\"wp-block-image size-large\"><img loading=\"lazy\" decoding=\"async\" width=\"720\" height=\"330\" data-id=\"799\" src=\"https:\/\/yogasophie.fr\/wp-content\/uploads\/2025\/01\/tamarin.png\" alt=\"\" class=\"wp-image-799\" srcset=\"https:\/\/yogasophie.fr\/wp-content\/uploads\/2025\/01\/tamarin.png 720w, https:\/\/yogasophie.fr\/wp-content\/uploads\/2025\/01\/tamarin-300x138.png 300w\" sizes=\"auto, (max-width: 720px) 100vw, 720px\" \/><\/figure>\n<\/figure>\n\n\n\n<p>En cours particulier, je propose un Yoga adapt\u00e9 \u00e0 vos besoins,  afin de vous amener progressivement vers une meilleure condition physique et psychologique:<\/p>\n\n\n\n<ul class=\"wp-block-list\">\n<li><a href=\"https:\/\/yogasophie.fr\/index.php\/yin-yoga\/\" data-type=\"link\" data-id=\"https:\/\/yogasophie.fr\/index.php\/yin-yoga\/\">Yin Yoga<\/a> (mouvements fluides et doux en conscience) ou<\/li>\n\n\n\n<li><a href=\"https:\/\/yogasophie.fr\/index.php\/yoga-vinyasa-ashtanga\/\" data-type=\"link\" data-id=\"https:\/\/yogasophie.fr\/index.php\/yoga-vinyasa-ashtanga\/\">Ashtanga <\/a>(mouvements dynamiques, gainages, renforcement des muscles et des articulations) <\/li>\n\n\n\n<li>Lors de ces 2 pratiques nous pouvons travailler sur la respiration et la m\u00e9ditation <\/li>\n<\/ul>\n\n\n\n<p>Tarifs 2025 :<\/p>\n\n\n\n<div class=\"wp-block-group\"><div class=\"wp-block-group__inner-container is-layout-flow wp-block-group-is-layout-flow\">\n<ul class=\"wp-block-list\">\n<li>1500 MUR la s\u00e9ance d&rsquo;une heure et quart en semaine \u00e0 votre domicile en cours particulier (Zone g\u00e9ographique : Tamarin\/Rivi\u00e8re Noire)<\/li>\n\n\n\n<li>500 MUR par personne suppl\u00e9mentaire<\/li>\n<\/ul>\n\n\n\n<p><a href=\"https:\/\/yogasophie.fr\/index.php\/contactez-moi\/\" data-type=\"page\" data-id=\"179\">Contactez-moi<\/a> pour plus de d\u00e9tails <\/p>\n<\/div><\/div>\n","protected":false},"excerpt":{"rendered":"<p>Je me d\u00e9place \u00e0 l&rsquo;Ile Maurice dans la r\u00e9gion de Tamarin\/Rivi\u00e8re Noire \u00e0 votre domicile, le matin en semaine. En cours particulier, je propose un Yoga adapt\u00e9 \u00e0 vos besoins, afin de vous amener progressivement vers une meilleure condition physique et psychologique: Tarifs 2025 : Contactez-moi pour plus de d\u00e9tails<\/p>\n","protected":false},"author":1,"featured_media":0,"parent":0,"menu_order":0,"comment_status":"closed","ping_status":"closed","template":"","meta":{"footnotes":""},"class_list":["post-16","page","type-page","status-publish","hentry"],"_links":{"self":[{"href":"https:\/\/yogasophie.fr\/index.php\/wp-json\/wp\/v2\/pages\/16","targetHints":{"allow":["GET"]}}],"collection":[{"href":"https:\/\/yogasophie.fr\/index.php\/wp-json\/wp\/v2\/pages"}],"about":[{"href":"https:\/\/yogasophie.fr\/index.php\/wp-json\/wp\/v2\/types\/page"}],"author":[{"embeddable":true,"href":"https:\/\/yogasophie.fr\/index.php\/wp-json\/wp\/v2\/users\/1"}],"replies":[{"embeddable":true,"href":"https:\/\/yogasophie.fr\/index.php\/wp-json\/wp\/v2\/comments?post=16"}],"version-history":[{"count":26,"href":"https:\/\/yogasophie.fr\/index.php\/wp-json\/wp\/v2\/pages\/16\/revisions"}],"predecessor-version":[{"id":886,"href":"https:\/\/yogasophie.fr\/index.php\/wp-json\/wp\/v2\/pages\/16\/revisions\/886"}],"wp:attachment":[{"href":"https:\/\/yogasophie.fr\/index.php\/wp-json\/wp\/v2\/media?parent=16"}],"curies":[{"name":"wp","href":"https:\/\/api.w.org\/{rel}","templated":true}]}}