{"id":320,"date":"2022-11-24T13:24:17","date_gmt":"2022-11-24T12:24:17","guid":{"rendered":"https:\/\/yogasophie.fr\/?page_id=320"},"modified":"2023-01-26T08:04:21","modified_gmt":"2023-01-26T07:04:21","slug":"atelier-huiles-essentielles","status":"publish","type":"page","link":"https:\/\/yogasophie.fr\/index.php\/atelier-huiles-essentielles\/","title":{"rendered":"Atelier Huiles Essentielles"},"content":{"rendered":"\n<p><em>Samedi 10 d\u00e9cembre 2022 \u00e0 La Preneuse avec Sophie, praticienne dipl\u00f4m\u00e9e.<\/em><\/p>\n\n\n\n<p><\/p>\n\n\n<div class=\"wp-block-image\">\n<figure class=\"aligncenter size-full\"><img loading=\"lazy\" decoding=\"async\" width=\"442\" height=\"424\" src=\"https:\/\/yogasophie.fr\/wp-content\/uploads\/2022\/11\/image-1.png\" alt=\"\" class=\"wp-image-322\" srcset=\"https:\/\/yogasophie.fr\/wp-content\/uploads\/2022\/11\/image-1.png 442w, https:\/\/yogasophie.fr\/wp-content\/uploads\/2022\/11\/image-1-300x288.png 300w\" sizes=\"auto, (max-width: 442px) 100vw, 442px\" \/><\/figure>\n<\/div>\n\n\n<p>Parce que les huiles Essentielles sont un cadeau de la nature, je vous propose un atelier d\u00e9couverte et initiation.<\/p>\n\n\n\n<p>Praticienne dipl\u00f4m\u00e9e en aromath\u00e9rapie traditionnelle et cosm\u00e9tique, je vous pr\u00e9senterai le r\u00f4le, les vertus, les propri\u00e9t\u00e9s mais aussi les dangers et les usages de ces Huiles qui apportent un bien-\u00eatre physique et psychologique dans notre vie.<\/p>\n\n\n\n<p>Vous d\u00e9couvrirez la trousse \u00e0 pharmacie, la trousse de secours aromath\u00e9rapie.<\/p>\n\n\n\n<p>Nous nous limiterons \u00e0 quelques Huiles Essentielles du quotidien (une vingtaine) mais pr\u00e9cieuses pour tous et pour tous les maux. Nous apprendrons aussi \u00e0 confectionner des synergies adapt\u00e9es \u00e0 chaque besoin.<\/p>\n\n\n\n<p>Je vous parlerai de quelques Huiles utilisables en cosm\u00e9tique pour se faire ses propres soins de jour, de nuit, anti-rides, anticernes&#8230;<\/p>\n\n\n\n<p>En fin de s\u00e9ance, nous fabriquerons ensemble une synergie personnalis\u00e9e avec laquelle vous repartirez et je vous fournirai un petit manuel d&rsquo;informations.<\/p>\n\n\n\n<p>Une participation de 1200RS vous sera demand\u00e9e.<\/p>\n\n\n\n<p>Pour la r\u00e9servation, contacter Sophie au (+230) 5772 3453<\/p>\n\n\n\n<p><\/p>\n\n\n\n<p><\/p>\n\n\n\n<p><\/p>\n\n\n\n<p><\/p>\n","protected":false},"excerpt":{"rendered":"<p>Samedi 10 d\u00e9cembre 2022 \u00e0 La Preneuse avec Sophie, praticienne dipl\u00f4m\u00e9e. Parce que les huiles Essentielles sont un cadeau de la nature, je vous propose un atelier d\u00e9couverte et initiation. Praticienne dipl\u00f4m\u00e9e en aromath\u00e9rapie traditionnelle et cosm\u00e9tique, je vous pr\u00e9senterai le r\u00f4le, les vertus, les propri\u00e9t\u00e9s mais aussi les dangers et les usages de ces &hellip;<\/p>\n","protected":false},"author":1,"featured_media":0,"parent":0,"menu_order":0,"comment_status":"closed","ping_status":"closed","template":"","meta":{"footnotes":""},"class_list":["post-320","page","type-page","status-publish","hentry"],"_links":{"self":[{"href":"https:\/\/yogasophie.fr\/index.php\/wp-json\/wp\/v2\/pages\/320","targetHints":{"allow":["GET"]}}],"collection":[{"href":"https:\/\/yogasophie.fr\/index.php\/wp-json\/wp\/v2\/pages"}],"about":[{"href":"https:\/\/yogasophie.fr\/index.php\/wp-json\/wp\/v2\/types\/page"}],"author":[{"embeddable":true,"href":"https:\/\/yogasophie.fr\/index.php\/wp-json\/wp\/v2\/users\/1"}],"replies":[{"embeddable":true,"href":"https:\/\/yogasophie.fr\/index.php\/wp-json\/wp\/v2\/comments?post=320"}],"version-history":[{"count":3,"href":"https:\/\/yogasophie.fr\/index.php\/wp-json\/wp\/v2\/pages\/320\/revisions"}],"predecessor-version":[{"id":434,"href":"https:\/\/yogasophie.fr\/index.php\/wp-json\/wp\/v2\/pages\/320\/revisions\/434"}],"wp:attachment":[{"href":"https:\/\/yogasophie.fr\/index.php\/wp-json\/wp\/v2\/media?parent=320"}],"curies":[{"name":"wp","href":"https:\/\/api.w.org\/{rel}","templated":true}]}}