{"id":379,"date":"2022-12-06T06:57:38","date_gmt":"2022-12-06T05:57:38","guid":{"rendered":"http:\/\/yogasophie.fr\/?page_id=379"},"modified":"2025-02-06T14:23:58","modified_gmt":"2025-02-06T13:23:58","slug":"les-soins-proposes","status":"publish","type":"page","link":"https:\/\/yogasophie.fr\/index.php\/les-soins-proposes\/","title":{"rendered":"Les soins propos\u00e9s"},"content":{"rendered":"\n<p>\ud83c\udf3f <strong>Bien-\u00eatre holistique au-del\u00e0 du Yoga<\/strong> \ud83c\udf3f<\/p>\n\n\n\n<p>En compl\u00e9ment de mes cours de yoga, je vous propose une approche globale du bien-\u00eatre \u00e0 travers diff\u00e9rents soins :<\/p>\n\n\n\n<p>\u2728 <strong><a href=\"https:\/\/yogasophie.fr\/index.php\/fleurs-de-bach\/\" data-type=\"page\" data-id=\"384\">Conseil en Fleurs de Bach<\/a><\/strong> \u2013 Un accompagnement personnalis\u00e9 pour harmoniser vos \u00e9motions gr\u00e2ce aux \u00e9lixirs floraux.<\/p>\n\n\n\n<p>\u2728 <strong><a href=\"https:\/\/yogasophie.fr\/index.php\/reiki\/\" data-type=\"page\" data-id=\"393\">Soin Reiki<\/a><\/strong> \u2013 Une technique \u00e9nerg\u00e9tique douce pour r\u00e9\u00e9quilibrer votre corps et votre esprit.<\/p>\n\n\n\n<p>\u2728 <strong><a href=\"https:\/\/yogasophie.fr\/index.php\/reflexologie-plantaire\/\" data-type=\"page\" data-id=\"373\">R\u00e9flexologie plantaire<\/a><\/strong> \u2013 Un massage des points r\u00e9flexes des pieds pour favoriser d\u00e9tente et vitalit\u00e9.<\/p>\n\n\n\n<p><\/p>\n\n\n\n<p>Offrez-vous un moment de s\u00e9r\u00e9nit\u00e9 et de reconnexion avec vous-m\u00eame. \ud83c\udf38<\/p>\n\n\n\n<figure class=\"wp-block-image size-full\"><img loading=\"lazy\" decoding=\"async\" width=\"1024\" height=\"1024\" src=\"https:\/\/yogasophie.fr\/wp-content\/uploads\/2025\/02\/DALL\u00b7E-2025-02-06-14.23.10-A-serene-wellness-scene-featuring-a-yoga-mat-Bach-flower-remedies-in-small-glass-bottles-a-Reiki-energy-healing-session-with-soft-glowing-hands-and.webp\" alt=\"\" class=\"wp-image-825\" srcset=\"https:\/\/yogasophie.fr\/wp-content\/uploads\/2025\/02\/DALL\u00b7E-2025-02-06-14.23.10-A-serene-wellness-scene-featuring-a-yoga-mat-Bach-flower-remedies-in-small-glass-bottles-a-Reiki-energy-healing-session-with-soft-glowing-hands-and.webp 1024w, https:\/\/yogasophie.fr\/wp-content\/uploads\/2025\/02\/DALL\u00b7E-2025-02-06-14.23.10-A-serene-wellness-scene-featuring-a-yoga-mat-Bach-flower-remedies-in-small-glass-bottles-a-Reiki-energy-healing-session-with-soft-glowing-hands-and-300x300.webp 300w, https:\/\/yogasophie.fr\/wp-content\/uploads\/2025\/02\/DALL\u00b7E-2025-02-06-14.23.10-A-serene-wellness-scene-featuring-a-yoga-mat-Bach-flower-remedies-in-small-glass-bottles-a-Reiki-energy-healing-session-with-soft-glowing-hands-and-150x150.webp 150w, https:\/\/yogasophie.fr\/wp-content\/uploads\/2025\/02\/DALL\u00b7E-2025-02-06-14.23.10-A-serene-wellness-scene-featuring-a-yoga-mat-Bach-flower-remedies-in-small-glass-bottles-a-Reiki-energy-healing-session-with-soft-glowing-hands-and-768x768.webp 768w\" sizes=\"auto, (max-width: 1024px) 100vw, 1024px\" \/><\/figure>\n","protected":false},"excerpt":{"rendered":"<p>\ud83c\udf3f Bien-\u00eatre holistique au-del\u00e0 du Yoga \ud83c\udf3f En compl\u00e9ment de mes cours de yoga, je vous propose une approche globale du bien-\u00eatre \u00e0 travers diff\u00e9rents soins : \u2728 Conseil en Fleurs de Bach \u2013 Un accompagnement personnalis\u00e9 pour harmoniser vos \u00e9motions gr\u00e2ce aux \u00e9lixirs floraux. \u2728 Soin Reiki \u2013 Une technique \u00e9nerg\u00e9tique douce pour r\u00e9\u00e9quilibrer &hellip;<\/p>\n","protected":false},"author":1,"featured_media":0,"parent":0,"menu_order":0,"comment_status":"closed","ping_status":"closed","template":"","meta":{"footnotes":""},"class_list":["post-379","page","type-page","status-publish","hentry"],"_links":{"self":[{"href":"https:\/\/yogasophie.fr\/index.php\/wp-json\/wp\/v2\/pages\/379","targetHints":{"allow":["GET"]}}],"collection":[{"href":"https:\/\/yogasophie.fr\/index.php\/wp-json\/wp\/v2\/pages"}],"about":[{"href":"https:\/\/yogasophie.fr\/index.php\/wp-json\/wp\/v2\/types\/page"}],"author":[{"embeddable":true,"href":"https:\/\/yogasophie.fr\/index.php\/wp-json\/wp\/v2\/users\/1"}],"replies":[{"embeddable":true,"href":"https:\/\/yogasophie.fr\/index.php\/wp-json\/wp\/v2\/comments?post=379"}],"version-history":[{"count":3,"href":"https:\/\/yogasophie.fr\/index.php\/wp-json\/wp\/v2\/pages\/379\/revisions"}],"predecessor-version":[{"id":826,"href":"https:\/\/yogasophie.fr\/index.php\/wp-json\/wp\/v2\/pages\/379\/revisions\/826"}],"wp:attachment":[{"href":"https:\/\/yogasophie.fr\/index.php\/wp-json\/wp\/v2\/media?parent=379"}],"curies":[{"name":"wp","href":"https:\/\/api.w.org\/{rel}","templated":true}]}}