{"id":384,"date":"2022-12-06T07:00:24","date_gmt":"2022-12-06T06:00:24","guid":{"rendered":"http:\/\/yogasophie.fr\/?page_id=384"},"modified":"2025-09-09T09:25:05","modified_gmt":"2025-09-09T07:25:05","slug":"fleurs-de-bach","status":"publish","type":"page","link":"https:\/\/yogasophie.fr\/index.php\/fleurs-de-bach\/","title":{"rendered":"Fleurs de Bach"},"content":{"rendered":"\n<p>Je vous propose un accompagnement, par l&rsquo;aide pr\u00e9cieuse de  37 fleurs et leur vibrations<\/p>\n\n\n\n<p>Un entretien d&rsquo;une heure suivie d&rsquo;une pr\u00e9paration personnalis\u00e9e  vous permettra de retrouver votre joie de vivre <\/p>\n\n\n\n<figure class=\"wp-block-image size-full is-resized\"><img loading=\"lazy\" decoding=\"async\" width=\"275\" height=\"183\" src=\"http:\/\/yogasophie.fr\/wp-content\/uploads\/2022\/12\/images-1.jpg\" alt=\"\" class=\"wp-image-385\" style=\"width:339px;height:226px\"\/><\/figure>\n\n\n\n<p><strong>Tarif<\/strong> : 2000 MUR avec un flacon en repartant<\/p>\n","protected":false},"excerpt":{"rendered":"<p>Je vous propose un accompagnement, par l&rsquo;aide pr\u00e9cieuse de 37 fleurs et leur vibrations Un entretien d&rsquo;une heure suivie d&rsquo;une pr\u00e9paration personnalis\u00e9e vous permettra de retrouver votre joie de vivre Tarif : 2000 MUR avec un flacon en repartant<\/p>\n","protected":false},"author":1,"featured_media":0,"parent":0,"menu_order":0,"comment_status":"closed","ping_status":"closed","template":"","meta":{"footnotes":""},"class_list":["post-384","page","type-page","status-publish","hentry"],"_links":{"self":[{"href":"https:\/\/yogasophie.fr\/index.php\/wp-json\/wp\/v2\/pages\/384","targetHints":{"allow":["GET"]}}],"collection":[{"href":"https:\/\/yogasophie.fr\/index.php\/wp-json\/wp\/v2\/pages"}],"about":[{"href":"https:\/\/yogasophie.fr\/index.php\/wp-json\/wp\/v2\/types\/page"}],"author":[{"embeddable":true,"href":"https:\/\/yogasophie.fr\/index.php\/wp-json\/wp\/v2\/users\/1"}],"replies":[{"embeddable":true,"href":"https:\/\/yogasophie.fr\/index.php\/wp-json\/wp\/v2\/comments?post=384"}],"version-history":[{"count":8,"href":"https:\/\/yogasophie.fr\/index.php\/wp-json\/wp\/v2\/pages\/384\/revisions"}],"predecessor-version":[{"id":887,"href":"https:\/\/yogasophie.fr\/index.php\/wp-json\/wp\/v2\/pages\/384\/revisions\/887"}],"wp:attachment":[{"href":"https:\/\/yogasophie.fr\/index.php\/wp-json\/wp\/v2\/media?parent=384"}],"curies":[{"name":"wp","href":"https:\/\/api.w.org\/{rel}","templated":true}]}}